{"id":2229,"date":"2022-07-04T12:27:28","date_gmt":"2022-07-04T12:27:28","guid":{"rendered":"https:\/\/coandaintakes.com\/?page_id=2229"},"modified":"2023-02-16T07:04:01","modified_gmt":"2023-02-16T07:04:01","slug":"trabzon-seydioglu-hydroelectric-power-plant-case-study","status":"publish","type":"page","link":"https:\/\/coandaintakes.com\/de\/case-studies\/trabzon-seydioglu-hydroelectric-power-plant-case-study\/","title":{"rendered":"Fallstudie zum Wasserkraftwerk Trabzon Seydioglu"},"content":{"rendered":"<p class=\"has-black-color has-text-color\" style=\"font-size:16px\"><strong>Problem:<\/strong> Die alten Tiroler Einl\u00e4sse des Kraftwerks wurden w\u00e4hrend der Hochwassersaison verstopft und besch\u00e4digt.<\/p>\n\n\n\n<p class=\"has-black-color has-text-color\" style=\"font-size:16px\"><strong>L\u00f6sung:<\/strong> Das Wehrdesign wurde ge\u00e4ndert und die Tiroler Einlaufbauwerke wurden durch kundenspezifische Coanda-Rechen ersetzt.<\/p>\n\n\n\n<hr class=\"wp-block-separator has-alpha-channel-opacity is-style-wide\"\/>\n\n\n\n<div class=\"wp-block-columns is-layout-flex wp-container-core-columns-is-layout-9d6595d7 wp-block-columns-is-layout-flex\">\n<div class=\"wp-block-column is-layout-flow wp-block-column-is-layout-flow\"><div class=\"wp-block-image\">\n<figure class=\"aligncenter size-full\"><img loading=\"lazy\" decoding=\"async\" width=\"700\" height=\"350\" src=\"https:\/\/coandaintakes.com\/wp-content\/uploads\/2022\/07\/Trabzon-Seydioglu.jpg\" alt=\"\" class=\"wp-image-2230\" srcset=\"https:\/\/coandaintakes.com\/wp-content\/uploads\/2022\/07\/Trabzon-Seydioglu.jpg 700w, https:\/\/coandaintakes.com\/wp-content\/uploads\/2022\/07\/Trabzon-Seydioglu-300x150.jpg 300w, https:\/\/coandaintakes.com\/wp-content\/uploads\/2022\/07\/Trabzon-Seydioglu-18x9.jpg 18w\" sizes=\"auto, (max-width: 700px) 100vw, 700px\" \/><\/figure>\n<\/div>\n\n\n<p class=\"has-text-align-center has-black-color has-text-color\"><strong>Tiroler Schirm<\/strong><\/p>\n<\/div>\n\n\n\n<div class=\"wp-block-column is-vertically-aligned-center is-layout-flow wp-block-column-is-layout-flow\">\n<h2 class=\"has-text-align-center has-vivid-cyan-blue-color has-text-color wp-block-heading\">Einf\u00fchrung<\/h2>\n\n\n\n<p class=\"has-black-color has-text-color\" style=\"font-size:16px\">Das Wasserkraftwerk Trabzon Seydioglu ist seit etwa zehn Jahren in Betrieb. Das Einlaufbauwerk f\u00fcr das Wasserkraftwerk wurde zun\u00e4chst als Tiroler Bauwerk konzipiert. W\u00e4hrend der Hochwassersaison verstopfte jedoch der Tiroler Zulauf und wurde durch M\u00fcll, Steine und Holz besch\u00e4digt. Dies lag haupts\u00e4chlich an der gro\u00dfen Schlitzgr\u00f6\u00dfe des Tiroler Siebs.<\/p>\n<\/div>\n<\/div>\n\n\n\n<div class=\"wp-block-columns is-layout-flex wp-container-core-columns-is-layout-9d6595d7 wp-block-columns-is-layout-flex\">\n<div class=\"wp-block-column is-vertically-aligned-center is-layout-flow wp-block-column-is-layout-flow\">\n<p class=\"has-black-color has-text-color\" style=\"font-size:16px\">Gr\u00f6\u00dfere Steine w\u00fcrden sich zwischen den Profilen festsetzen und aufgrund von Korrosion w\u00fcrden sie ihre strukturelle Integrit\u00e4t verlieren und sich verbiegen, was zu weiteren Problemen f\u00fchren w\u00fcrde. So kam es zu h\u00e4ufigen Abschaltungen des Kraftwerks wegen unzureichender Wasserentnahme und die f\u00fcr das Kraftwerk verantwortlichen Ingenieure entschieden, dass die Tiroler Entnahme ersetzt werden musste.<\/p>\n<\/div>\n\n\n\n<div class=\"wp-block-column is-layout-flow wp-block-column-is-layout-flow\">\n<figure class=\"wp-block-image size-full\"><img loading=\"lazy\" decoding=\"async\" width=\"700\" height=\"350\" src=\"https:\/\/coandaintakes.com\/wp-content\/uploads\/2022\/07\/Trabzon-Seydioglu-Hydropower.jpg\" alt=\"\" class=\"wp-image-2231\" srcset=\"https:\/\/coandaintakes.com\/wp-content\/uploads\/2022\/07\/Trabzon-Seydioglu-Hydropower.jpg 700w, https:\/\/coandaintakes.com\/wp-content\/uploads\/2022\/07\/Trabzon-Seydioglu-Hydropower-300x150.jpg 300w, https:\/\/coandaintakes.com\/wp-content\/uploads\/2022\/07\/Trabzon-Seydioglu-Hydropower-18x9.jpg 18w\" sizes=\"auto, (max-width: 700px) 100vw, 700px\" \/><\/figure>\n\n\n\n<p class=\"has-text-align-center has-black-color has-text-color\"><strong>Tiroler Schirm<\/strong><\/p>\n<\/div>\n<\/div>\n\n\n\n<hr class=\"wp-block-separator has-alpha-channel-opacity is-style-wide\"\/>\n\n\n\n<div class=\"wp-block-columns is-layout-flex wp-container-core-columns-is-layout-9d6595d7 wp-block-columns-is-layout-flex\">\n<div class=\"wp-block-column is-layout-flow wp-block-column-is-layout-flow\">\n<figure class=\"wp-block-image size-full\"><img loading=\"lazy\" decoding=\"async\" width=\"700\" height=\"350\" src=\"http:\/\/coandaintakes.com\/wp-content\/uploads\/2022\/07\/Modification.png\" alt=\"\" class=\"wp-image-2233\" srcset=\"https:\/\/coandaintakes.com\/wp-content\/uploads\/2022\/07\/Modification.png 700w, https:\/\/coandaintakes.com\/wp-content\/uploads\/2022\/07\/Modification-300x150.png 300w, https:\/\/coandaintakes.com\/wp-content\/uploads\/2022\/07\/Modification-18x9.png 18w\" sizes=\"auto, (max-width: 700px) 100vw, 700px\" \/><\/figure>\n<\/div>\n\n\n\n<div class=\"wp-block-column is-vertically-aligned-center is-layout-flow wp-block-column-is-layout-flow\">\n<h2 class=\"has-text-align-center has-vivid-cyan-blue-color has-text-color wp-block-heading\">Wehr-Design<\/h2>\n\n\n\n<p class=\"has-black-color has-text-color\" style=\"font-size:16px\">Der Manager des Kraftwerks kontaktierte ADENCO wegen unserer Coanda-Siebe und fragte, ob Coanda-Siebe eine gute L\u00f6sung f\u00fcr ihre Anwendung w\u00e4ren. Unser Team fuhr zum Kraftwerk, um die erforderliche Kapazit\u00e4t und die Wehrabmessungen zu messen. Dann wurde die Wasserzusammensetzung analysiert, um herauszufinden, ob eine spezielle Beschichtung f\u00fcr die Anwendung erforderlich w\u00e4re. <\/p>\n<\/div>\n<\/div>\n\n\n\n<div class=\"wp-block-columns is-layout-flex wp-container-core-columns-is-layout-9d6595d7 wp-block-columns-is-layout-flex\">\n<div class=\"wp-block-column is-vertically-aligned-center is-layout-flow wp-block-column-is-layout-flow\">\n<p class=\"has-black-color has-text-color\" style=\"font-size:16px\">Eine der gr\u00f6\u00dften Herausforderungen des Projekts war die Neugestaltung des Wehrbauwerks. Die typischen Tiroler Leinw\u00e4nde sind etwa 17 Grad von der Horizontalen entfernt angeordnet. Coanda-Siebe verwenden jedoch einen steileren Abfall um 50 Grad, um die Effizienz zu maximieren. Daher musste das Wehr erh\u00f6ht und die Wehrl\u00fccke verk\u00fcrzt werden, um den Rechen zu platzieren.<\/p>\n<\/div>\n\n\n\n<div class=\"wp-block-column is-layout-flow wp-block-column-is-layout-flow\">\n<figure class=\"wp-block-image size-full\"><img loading=\"lazy\" decoding=\"async\" width=\"700\" height=\"350\" src=\"http:\/\/coandaintakes.com\/wp-content\/uploads\/2022\/07\/Weir-Design-1.jpg\" alt=\"\" class=\"wp-image-2273\" srcset=\"https:\/\/coandaintakes.com\/wp-content\/uploads\/2022\/07\/Weir-Design-1.jpg 700w, https:\/\/coandaintakes.com\/wp-content\/uploads\/2022\/07\/Weir-Design-1-300x150.jpg 300w, https:\/\/coandaintakes.com\/wp-content\/uploads\/2022\/07\/Weir-Design-1-18x9.jpg 18w\" sizes=\"auto, (max-width: 700px) 100vw, 700px\" \/><\/figure>\n<\/div>\n<\/div>\n\n\n\n<hr class=\"wp-block-separator has-alpha-channel-opacity is-style-wide\"\/>\n\n\n\n<div class=\"wp-block-columns is-layout-flex wp-container-core-columns-is-layout-9d6595d7 wp-block-columns-is-layout-flex\">\n<div class=\"wp-block-column is-layout-flow wp-block-column-is-layout-flow\">\n<figure class=\"wp-block-image size-full\"><img loading=\"lazy\" decoding=\"async\" width=\"700\" height=\"350\" src=\"https:\/\/coandaintakes.com\/wp-content\/uploads\/2022\/07\/20191014_172801.jpg\" alt=\"\" class=\"wp-image-2241\" srcset=\"https:\/\/coandaintakes.com\/wp-content\/uploads\/2022\/07\/20191014_172801.jpg 700w, https:\/\/coandaintakes.com\/wp-content\/uploads\/2022\/07\/20191014_172801-300x150.jpg 300w, https:\/\/coandaintakes.com\/wp-content\/uploads\/2022\/07\/20191014_172801-18x9.jpg 18w\" sizes=\"auto, (max-width: 700px) 100vw, 700px\" \/><\/figure>\n<\/div>\n\n\n\n<div class=\"wp-block-column is-vertically-aligned-center is-layout-flow wp-block-column-is-layout-flow\">\n<h2 class=\"has-text-align-center has-vivid-cyan-blue-color has-text-color wp-block-heading\">St\u00fctzstruktur<\/h2>\n\n\n\n<p class=\"has-black-color has-text-color\" style=\"font-size:16px\">Das Team entwickelte einen Plan zur Neugestaltung des Wehrs, damit die Coanda-Siebe installiert werden k\u00f6nnen. Zun\u00e4chst wurde eine vorl\u00e4ufige Stahlkonstruktion installiert. Dann wurde Beton zwischen die Stahlst\u00fctzen gegossen. Dann wurden zwei Stahlplatten mit Halterungen an den St\u00fctzstrukturen angebracht. <\/p>\n<\/div>\n<\/div>\n\n\n\n<div class=\"wp-block-columns is-layout-flex wp-container-core-columns-is-layout-9d6595d7 wp-block-columns-is-layout-flex\">\n<div class=\"wp-block-column is-vertically-aligned-center is-layout-flow wp-block-column-is-layout-flow\">\n<p class=\"has-black-color has-text-color\" style=\"font-size:16px\">Um Korrosion zu verhindern, wurden diese Platten mit einer Korrosionsschutzbeschichtung lackiert. Durch diese St\u00fctzstruktur konnten die Coanda-Siebe in den meisten F\u00e4llen vollst\u00e4ndig gest\u00fctzt werden. Zuletzt wurden die Coanda-Siebe an der neuen Tragstruktur installiert.<\/p>\n<\/div>\n\n\n\n<div class=\"wp-block-column is-layout-flow wp-block-column-is-layout-flow\">\n<figure class=\"wp-block-image size-full\"><img loading=\"lazy\" decoding=\"async\" width=\"700\" height=\"350\" src=\"https:\/\/coandaintakes.com\/wp-content\/uploads\/2022\/07\/Coanda-Intake-Application.jpg\" alt=\"\" class=\"wp-image-2242\" srcset=\"https:\/\/coandaintakes.com\/wp-content\/uploads\/2022\/07\/Coanda-Intake-Application.jpg 700w, https:\/\/coandaintakes.com\/wp-content\/uploads\/2022\/07\/Coanda-Intake-Application-300x150.jpg 300w, https:\/\/coandaintakes.com\/wp-content\/uploads\/2022\/07\/Coanda-Intake-Application-18x9.jpg 18w\" sizes=\"auto, (max-width: 700px) 100vw, 700px\" \/><\/figure>\n<\/div>\n<\/div>\n\n\n\n<hr class=\"wp-block-separator has-alpha-channel-opacity is-style-wide\"\/>\n\n\n\n<div class=\"wp-block-columns is-layout-flex wp-container-core-columns-is-layout-9d6595d7 wp-block-columns-is-layout-flex\">\n<div class=\"wp-block-column is-layout-flow wp-block-column-is-layout-flow\">\n<figure class=\"wp-block-image size-full\"><img loading=\"lazy\" decoding=\"async\" width=\"700\" height=\"350\" src=\"https:\/\/coandaintakes.com\/wp-content\/uploads\/2022\/07\/Seydioglu-HES-2.5m3_sn-kapasiteli-17.jpeg\" alt=\"\" class=\"wp-image-2243\" srcset=\"https:\/\/coandaintakes.com\/wp-content\/uploads\/2022\/07\/Seydioglu-HES-2.5m3_sn-kapasiteli-17.jpeg 700w, https:\/\/coandaintakes.com\/wp-content\/uploads\/2022\/07\/Seydioglu-HES-2.5m3_sn-kapasiteli-17-300x150.jpeg 300w, https:\/\/coandaintakes.com\/wp-content\/uploads\/2022\/07\/Seydioglu-HES-2.5m3_sn-kapasiteli-17-18x9.jpeg 18w\" sizes=\"auto, (max-width: 700px) 100vw, 700px\" \/><\/figure>\n<\/div>\n\n\n\n<div class=\"wp-block-column is-vertically-aligned-center is-layout-flow wp-block-column-is-layout-flow\">\n<h2 class=\"has-text-align-center has-vivid-cyan-blue-color has-text-color wp-block-heading\">Ergebnisse<\/h2>\n\n\n\n<p class=\"has-black-color has-text-color\" style=\"font-size:16px\">Im Vergleich zum alten Tiroler Einlauf verstopfen die Coanda-Einlaufsiebe nicht. Sie sind selbstreinigend und erfordern daher nur minimale Wartung. Sie sind widerstandsf\u00e4higer gegen extreme \u00dcberschwemmungen. Sie sind korrosionsbest\u00e4ndig. Mit der neuen Coanda-Ansaugsiebl\u00f6sung hat das Kraftwerk weniger Abschaltungen zu verzeichnen und ist damit seit 2019 sehr zufrieden.<\/p>\n<\/div>\n<\/div>\n\n\n\n<hr class=\"wp-block-separator has-alpha-channel-opacity is-style-wide\"\/>\n\n\n\n<figure class=\"wp-block-gallery has-nested-images columns-4 is-cropped wp-block-gallery-1 is-layout-flex wp-block-gallery-is-layout-flex\">\n<figure class=\"wp-block-image size-medium\"><img loading=\"lazy\" decoding=\"async\" width=\"2560\" height=\"1440\" data-id=\"2247\" src=\"http:\/\/coandaintakes.com\/wp-content\/uploads\/2022\/07\/Seydioglu-HES-scaled.jpg\" alt=\"\" class=\"wp-image-2247\" srcset=\"https:\/\/coandaintakes.com\/wp-content\/uploads\/2022\/07\/Seydioglu-HES-scaled.jpg 2560w, https:\/\/coandaintakes.com\/wp-content\/uploads\/2022\/07\/Seydioglu-HES-300x169.jpg 300w, https:\/\/coandaintakes.com\/wp-content\/uploads\/2022\/07\/Seydioglu-HES-1024x576.jpg 1024w, https:\/\/coandaintakes.com\/wp-content\/uploads\/2022\/07\/Seydioglu-HES-768x432.jpg 768w, https:\/\/coandaintakes.com\/wp-content\/uploads\/2022\/07\/Seydioglu-HES-1536x864.jpg 1536w, https:\/\/coandaintakes.com\/wp-content\/uploads\/2022\/07\/Seydioglu-HES-2048x1152.jpg 2048w, https:\/\/coandaintakes.com\/wp-content\/uploads\/2022\/07\/Seydioglu-HES-18x10.jpg 18w\" sizes=\"auto, (max-width: 2560px) 100vw, 2560px\" \/><\/figure>\n\n\n\n<figure class=\"wp-block-image size-medium\"><img loading=\"lazy\" decoding=\"async\" width=\"2560\" height=\"1440\" data-id=\"2248\" src=\"http:\/\/coandaintakes.com\/wp-content\/uploads\/2022\/07\/Seydioglu-HES-Application-scaled.jpg\" alt=\"\" class=\"wp-image-2248\" srcset=\"https:\/\/coandaintakes.com\/wp-content\/uploads\/2022\/07\/Seydioglu-HES-Application-scaled.jpg 2560w, https:\/\/coandaintakes.com\/wp-content\/uploads\/2022\/07\/Seydioglu-HES-Application-300x169.jpg 300w, https:\/\/coandaintakes.com\/wp-content\/uploads\/2022\/07\/Seydioglu-HES-Application-1024x576.jpg 1024w, https:\/\/coandaintakes.com\/wp-content\/uploads\/2022\/07\/Seydioglu-HES-Application-768x432.jpg 768w, https:\/\/coandaintakes.com\/wp-content\/uploads\/2022\/07\/Seydioglu-HES-Application-1536x864.jpg 1536w, https:\/\/coandaintakes.com\/wp-content\/uploads\/2022\/07\/Seydioglu-HES-Application-2048x1152.jpg 2048w, https:\/\/coandaintakes.com\/wp-content\/uploads\/2022\/07\/Seydioglu-HES-Application-18x10.jpg 18w\" sizes=\"auto, (max-width: 2560px) 100vw, 2560px\" \/><\/figure>\n\n\n\n<figure class=\"wp-block-image size-medium\"><img loading=\"lazy\" decoding=\"async\" width=\"2560\" height=\"1440\" data-id=\"2249\" src=\"http:\/\/coandaintakes.com\/wp-content\/uploads\/2022\/07\/Weir-Design-scaled.jpg\" alt=\"\" class=\"wp-image-2249\" srcset=\"https:\/\/coandaintakes.com\/wp-content\/uploads\/2022\/07\/Weir-Design-scaled.jpg 2560w, https:\/\/coandaintakes.com\/wp-content\/uploads\/2022\/07\/Weir-Design-300x169.jpg 300w, https:\/\/coandaintakes.com\/wp-content\/uploads\/2022\/07\/Weir-Design-1024x576.jpg 1024w, https:\/\/coandaintakes.com\/wp-content\/uploads\/2022\/07\/Weir-Design-768x432.jpg 768w, https:\/\/coandaintakes.com\/wp-content\/uploads\/2022\/07\/Weir-Design-1536x864.jpg 1536w, https:\/\/coandaintakes.com\/wp-content\/uploads\/2022\/07\/Weir-Design-2048x1152.jpg 2048w, https:\/\/coandaintakes.com\/wp-content\/uploads\/2022\/07\/Weir-Design-18x10.jpg 18w\" sizes=\"auto, (max-width: 2560px) 100vw, 2560px\" \/><\/figure>\n\n\n\n<figure class=\"wp-block-image size-medium\"><img loading=\"lazy\" decoding=\"async\" width=\"2560\" height=\"1440\" data-id=\"2291\" src=\"http:\/\/coandaintakes.com\/wp-content\/uploads\/2022\/07\/Seydioglu-HES-Coanda-Assembly-2-scaled.jpg\" alt=\"\" class=\"wp-image-2291\" srcset=\"https:\/\/coandaintakes.com\/wp-content\/uploads\/2022\/07\/Seydioglu-HES-Coanda-Assembly-2-scaled.jpg 2560w, https:\/\/coandaintakes.com\/wp-content\/uploads\/2022\/07\/Seydioglu-HES-Coanda-Assembly-2-300x169.jpg 300w, https:\/\/coandaintakes.com\/wp-content\/uploads\/2022\/07\/Seydioglu-HES-Coanda-Assembly-2-1024x576.jpg 1024w, https:\/\/coandaintakes.com\/wp-content\/uploads\/2022\/07\/Seydioglu-HES-Coanda-Assembly-2-768x432.jpg 768w, https:\/\/coandaintakes.com\/wp-content\/uploads\/2022\/07\/Seydioglu-HES-Coanda-Assembly-2-1536x864.jpg 1536w, https:\/\/coandaintakes.com\/wp-content\/uploads\/2022\/07\/Seydioglu-HES-Coanda-Assembly-2-2048x1152.jpg 2048w, https:\/\/coandaintakes.com\/wp-content\/uploads\/2022\/07\/Seydioglu-HES-Coanda-Assembly-2-18x10.jpg 18w\" sizes=\"auto, (max-width: 2560px) 100vw, 2560px\" \/><\/figure>\n\n\n\n<figure class=\"wp-block-image size-medium\"><img loading=\"lazy\" decoding=\"async\" width=\"2560\" height=\"1440\" data-id=\"2294\" src=\"http:\/\/coandaintakes.com\/wp-content\/uploads\/2022\/07\/Coanda-HES-Application-scaled.jpg\" alt=\"\" class=\"wp-image-2294\" srcset=\"https:\/\/coandaintakes.com\/wp-content\/uploads\/2022\/07\/Coanda-HES-Application-scaled.jpg 2560w, https:\/\/coandaintakes.com\/wp-content\/uploads\/2022\/07\/Coanda-HES-Application-300x169.jpg 300w, https:\/\/coandaintakes.com\/wp-content\/uploads\/2022\/07\/Coanda-HES-Application-1024x576.jpg 1024w, https:\/\/coandaintakes.com\/wp-content\/uploads\/2022\/07\/Coanda-HES-Application-768x432.jpg 768w, https:\/\/coandaintakes.com\/wp-content\/uploads\/2022\/07\/Coanda-HES-Application-1536x864.jpg 1536w, https:\/\/coandaintakes.com\/wp-content\/uploads\/2022\/07\/Coanda-HES-Application-2048x1152.jpg 2048w, https:\/\/coandaintakes.com\/wp-content\/uploads\/2022\/07\/Coanda-HES-Application-18x10.jpg 18w\" sizes=\"auto, (max-width: 2560px) 100vw, 2560px\" \/><\/figure>\n\n\n\n<figure class=\"wp-block-image size-medium\"><img loading=\"lazy\" decoding=\"async\" width=\"2560\" height=\"1440\" data-id=\"2300\" src=\"http:\/\/coandaintakes.com\/wp-content\/uploads\/2022\/07\/Seydioglu-HES-Coanda-Assembly-1-scaled.jpg\" alt=\"\" class=\"wp-image-2300\" srcset=\"https:\/\/coandaintakes.com\/wp-content\/uploads\/2022\/07\/Seydioglu-HES-Coanda-Assembly-1-scaled.jpg 2560w, https:\/\/coandaintakes.com\/wp-content\/uploads\/2022\/07\/Seydioglu-HES-Coanda-Assembly-1-300x169.jpg 300w, https:\/\/coandaintakes.com\/wp-content\/uploads\/2022\/07\/Seydioglu-HES-Coanda-Assembly-1-1024x576.jpg 1024w, https:\/\/coandaintakes.com\/wp-content\/uploads\/2022\/07\/Seydioglu-HES-Coanda-Assembly-1-768x432.jpg 768w, https:\/\/coandaintakes.com\/wp-content\/uploads\/2022\/07\/Seydioglu-HES-Coanda-Assembly-1-1536x864.jpg 1536w, https:\/\/coandaintakes.com\/wp-content\/uploads\/2022\/07\/Seydioglu-HES-Coanda-Assembly-1-2048x1152.jpg 2048w, https:\/\/coandaintakes.com\/wp-content\/uploads\/2022\/07\/Seydioglu-HES-Coanda-Assembly-1-18x10.jpg 18w\" sizes=\"auto, (max-width: 2560px) 100vw, 2560px\" \/><\/figure>\n\n\n\n<figure class=\"wp-block-image size-medium\"><img loading=\"lazy\" decoding=\"async\" width=\"700\" height=\"350\" data-id=\"2273\" src=\"http:\/\/coandaintakes.com\/wp-content\/uploads\/2022\/07\/Weir-Design-1.jpg\" alt=\"\" class=\"wp-image-2273\" srcset=\"https:\/\/coandaintakes.com\/wp-content\/uploads\/2022\/07\/Weir-Design-1.jpg 700w, https:\/\/coandaintakes.com\/wp-content\/uploads\/2022\/07\/Weir-Design-1-300x150.jpg 300w, https:\/\/coandaintakes.com\/wp-content\/uploads\/2022\/07\/Weir-Design-1-18x9.jpg 18w\" sizes=\"auto, (max-width: 700px) 100vw, 700px\" \/><\/figure>\n\n\n\n<figure class=\"wp-block-image size-medium\"><img loading=\"lazy\" decoding=\"async\" width=\"2560\" height=\"1440\" data-id=\"2253\" src=\"http:\/\/coandaintakes.com\/wp-content\/uploads\/2022\/07\/20191021_165310-scaled.jpg\" alt=\"\" class=\"wp-image-2253\" srcset=\"https:\/\/coandaintakes.com\/wp-content\/uploads\/2022\/07\/20191021_165310-scaled.jpg 2560w, https:\/\/coandaintakes.com\/wp-content\/uploads\/2022\/07\/20191021_165310-300x169.jpg 300w, https:\/\/coandaintakes.com\/wp-content\/uploads\/2022\/07\/20191021_165310-1024x576.jpg 1024w, https:\/\/coandaintakes.com\/wp-content\/uploads\/2022\/07\/20191021_165310-768x432.jpg 768w, https:\/\/coandaintakes.com\/wp-content\/uploads\/2022\/07\/20191021_165310-1536x864.jpg 1536w, https:\/\/coandaintakes.com\/wp-content\/uploads\/2022\/07\/20191021_165310-2048x1152.jpg 2048w, https:\/\/coandaintakes.com\/wp-content\/uploads\/2022\/07\/20191021_165310-18x10.jpg 18w\" sizes=\"auto, (max-width: 2560px) 100vw, 2560px\" \/><\/figure>\n<\/figure>","protected":false},"excerpt":{"rendered":"<p>Problem: The old Tyrolean intake structures for the power plant were getting clogged and damaged during flooding season. Solution: The weir design was changed and the Tyrolean intake structures were &#8230;<\/p>","protected":false},"author":1,"featured_media":2253,"parent":1921,"menu_order":3,"comment_status":"closed","ping_status":"closed","template":"template-fullwidth.php","meta":{"footnotes":""},"class_list":["post-2229","page","type-page","status-publish","has-post-thumbnail","hentry"],"_links":{"self":[{"href":"https:\/\/coandaintakes.com\/de\/wp-json\/wp\/v2\/pages\/2229","targetHints":{"allow":["GET"]}}],"collection":[{"href":"https:\/\/coandaintakes.com\/de\/wp-json\/wp\/v2\/pages"}],"about":[{"href":"https:\/\/coandaintakes.com\/de\/wp-json\/wp\/v2\/types\/page"}],"author":[{"embeddable":true,"href":"https:\/\/coandaintakes.com\/de\/wp-json\/wp\/v2\/users\/1"}],"replies":[{"embeddable":true,"href":"https:\/\/coandaintakes.com\/de\/wp-json\/wp\/v2\/comments?post=2229"}],"version-history":[{"count":12,"href":"https:\/\/coandaintakes.com\/de\/wp-json\/wp\/v2\/pages\/2229\/revisions"}],"predecessor-version":[{"id":2356,"href":"https:\/\/coandaintakes.com\/de\/wp-json\/wp\/v2\/pages\/2229\/revisions\/2356"}],"up":[{"embeddable":true,"href":"https:\/\/coandaintakes.com\/de\/wp-json\/wp\/v2\/pages\/1921"}],"wp:featuredmedia":[{"embeddable":true,"href":"https:\/\/coandaintakes.com\/de\/wp-json\/wp\/v2\/media\/2253"}],"wp:attachment":[{"href":"https:\/\/coandaintakes.com\/de\/wp-json\/wp\/v2\/media?parent=2229"}],"curies":[{"name":"wp","href":"https:\/\/api.w.org\/{rel}","templated":true}]}}