{"id":2047,"date":"2022-04-20T21:09:26","date_gmt":"2022-04-20T21:09:26","guid":{"rendered":"https:\/\/coandaintakes.com\/?page_id=2047"},"modified":"2023-08-23T13:30:43","modified_gmt":"2023-08-23T13:30:43","slug":"rwanda-case-study","status":"publish","type":"page","link":"https:\/\/coandaintakes.com\/de\/case-studies\/rwanda-case-study\/","title":{"rendered":"Rwanda Case Study"},"content":{"rendered":"<div class=\"wp-block-columns is-layout-flex wp-container-core-columns-is-layout-9d6595d7 wp-block-columns-is-layout-flex\">\n<div class=\"wp-block-column is-layout-flow wp-block-column-is-layout-flow\">\n<figure class=\"wp-block-image size-full\"><img loading=\"lazy\" decoding=\"async\" width=\"700\" height=\"350\" src=\"http:\/\/coandaintakes.com\/wp-content\/uploads\/2022\/04\/Rwanda-Coanda-Intake.jpeg\" alt=\"\" class=\"wp-image-2049\" srcset=\"https:\/\/coandaintakes.com\/wp-content\/uploads\/2022\/04\/Rwanda-Coanda-Intake.jpeg 700w, https:\/\/coandaintakes.com\/wp-content\/uploads\/2022\/04\/Rwanda-Coanda-Intake-300x150.jpeg 300w\" sizes=\"auto, (max-width: 700px) 100vw, 700px\" \/><\/figure>\n<\/div>\n\n\n\n<div class=\"wp-block-column is-vertically-aligned-center is-layout-flow wp-block-column-is-layout-flow\">\n<h2 class=\"wp-block-heading has-text-align-center has-vivid-cyan-blue-color has-text-color\">Einf\u00fchrung<\/h2>\n\n\n\n<p class=\"has-black-color has-text-color\" style=\"font-size:16px\">Ruanda liegt im \u00f6stlichen Teil des zentralen Teils des afrikanischen Kontinents. Das Wasser in dieser Region ist aufgrund vieler Einfl\u00fcsse wie Schlamm, von B\u00e4umen fallende Bl\u00e4tter, \u00c4ste usw. verschmutzt. Das Wasser ist aufgrund der Anwesenheit von Gemeinschaften in den oberen Teilen des Wassers verschmutzt<\/p>\n<\/div>\n<\/div>\n\n\n\n<div class=\"wp-block-columns is-layout-flex wp-container-core-columns-is-layout-9d6595d7 wp-block-columns-is-layout-flex\">\n<div class=\"wp-block-column is-vertically-aligned-center is-layout-flow wp-block-column-is-layout-flow\">\n<p class=\"has-text-align-left has-black-color has-text-color\" style=\"font-size:16px\">In Anbetracht dessen wirken sich Sch\u00e4den an der Anlage negativ auf die Lebensbedingungen in der Umgebung aus. Ein solches Problem zeigte sich bei einem Wasserkraftwerk in der Region Kigasa in Afrika. Es wurde ein System ben\u00f6tigt, um dieses Problem zu l\u00f6sen und da Reinigungsvorg\u00e4nge in dieser Anlage schwierig sein w\u00fcrden, musste sich dieses System selbst reinigen. Aufgrund solcher Probleme wirkte sich die Verlangsamung der Stromerzeugung negativ auf die Menschen aus, weshalb das Produkt dringend geliefert werden musste.<\/p>\n<\/div>\n\n\n\n<div class=\"wp-block-column is-layout-flow wp-block-column-is-layout-flow\">\n<figure class=\"wp-block-image size-full\"><img loading=\"lazy\" decoding=\"async\" width=\"700\" height=\"350\" src=\"http:\/\/coandaintakes.com\/wp-content\/uploads\/2022\/04\/Kigasa-Rwanda-Coanda-Intake-Application.jpg\" alt=\"\" class=\"wp-image-2056\" srcset=\"https:\/\/coandaintakes.com\/wp-content\/uploads\/2022\/04\/Kigasa-Rwanda-Coanda-Intake-Application.jpg 700w, https:\/\/coandaintakes.com\/wp-content\/uploads\/2022\/04\/Kigasa-Rwanda-Coanda-Intake-Application-300x150.jpg 300w\" sizes=\"auto, (max-width: 700px) 100vw, 700px\" \/><\/figure>\n<\/div>\n<\/div>\n\n\n\n<hr class=\"wp-block-separator has-css-opacity is-style-wide\"\/>\n\n\n\n<div class=\"wp-block-columns is-layout-flex wp-container-core-columns-is-layout-9d6595d7 wp-block-columns-is-layout-flex\">\n<div class=\"wp-block-column is-layout-flow wp-block-column-is-layout-flow\">\n<figure class=\"wp-block-image size-full\"><img loading=\"lazy\" decoding=\"async\" width=\"700\" height=\"350\" src=\"http:\/\/coandaintakes.com\/wp-content\/uploads\/2022\/04\/Kigasa-Rwanda-Coanda-Intake.jpeg\" alt=\"\" class=\"wp-image-2051\" srcset=\"https:\/\/coandaintakes.com\/wp-content\/uploads\/2022\/04\/Kigasa-Rwanda-Coanda-Intake.jpeg 700w, https:\/\/coandaintakes.com\/wp-content\/uploads\/2022\/04\/Kigasa-Rwanda-Coanda-Intake-300x150.jpeg 300w\" sizes=\"auto, (max-width: 700px) 100vw, 700px\" \/><\/figure>\n<\/div>\n\n\n\n<div class=\"wp-block-column is-vertically-aligned-center is-layout-flow wp-block-column-is-layout-flow\">\n<h2 class=\"wp-block-heading has-text-align-center has-vivid-cyan-blue-color has-text-color\">Coanda-Siebe<\/h2>\n\n\n\n<p class=\"has-black-color has-text-color\" style=\"font-size:16px\">Coanda-Ansaugsiebe sind Spezialprodukte f\u00fcr die Wasserfiltration. Coanda-Effekt-Siebe sind Filterprodukte mit gekr\u00fcmmten geometrischen Formen, die nach dem Coanda-Effekt-Prinzip arbeiten. Coanda-Effekt:  Str\u00f6mende Medien haben die Eigenschaft nach dem Coanda-Effekt\u00a0sich an ebenen oder konvexen Oberfl\u00e4chen anzulegen.\nDiese Coanda-Siebe sind spezielle selbstreinigende Ansaugsiebe. Sie haben keine beweglichen Teile.<\/p>\n<\/div>\n<\/div>\n\n\n\n<div class=\"wp-block-columns is-layout-flex wp-container-core-columns-is-layout-9d6595d7 wp-block-columns-is-layout-flex\">\n<div class=\"wp-block-column is-vertically-aligned-center is-layout-flow wp-block-column-is-layout-flow\">\n<p class=\"has-black-color has-text-color\" style=\"font-size:16px\">Dadurch haben sie eine hervorragende Lebensdauer und eine hervorragende Saugeigenschaft. Sie sind sehr wirtschaftlich, da sie wenig Wartung ben\u00f6tigen. Auch Wasserlebewesen werden durch Coanda-Siebe nicht verletzt. Diese Produkte werden aufgrund ihrer Selbstreinigungseigenschaften h\u00e4ufig in Wasserkraftwerken eingesetzt. Sie verbessern die Energieerzeugung, indem sie Verstopfungen in Turbinen verhindern und einen reibungslosen Fluss sorgen.<\/p>\n<\/div>\n\n\n\n<div class=\"wp-block-column is-layout-flow wp-block-column-is-layout-flow\">\n<figure class=\"wp-block-image size-full\"><img loading=\"lazy\" decoding=\"async\" width=\"700\" height=\"350\" src=\"http:\/\/coandaintakes.com\/wp-content\/uploads\/2022\/02\/Coanda-Effect-Filter-Screen-1.jpg\" alt=\"\" class=\"wp-image-1498\" srcset=\"https:\/\/coandaintakes.com\/wp-content\/uploads\/2022\/02\/Coanda-Effect-Filter-Screen-1.jpg 700w, https:\/\/coandaintakes.com\/wp-content\/uploads\/2022\/02\/Coanda-Effect-Filter-Screen-1-300x150.jpg 300w\" sizes=\"auto, (max-width: 700px) 100vw, 700px\" \/><\/figure>\n<\/div>\n<\/div>\n\n\n\n<hr class=\"wp-block-separator has-css-opacity aligncenter is-style-wide\"\/>\n\n\n\n<div class=\"wp-block-columns is-layout-flex wp-container-core-columns-is-layout-9d6595d7 wp-block-columns-is-layout-flex\">\n<div class=\"wp-block-column is-layout-flow wp-block-column-is-layout-flow\">\n<figure class=\"wp-block-image size-full\"><img loading=\"lazy\" decoding=\"async\" width=\"640\" height=\"361\" src=\"http:\/\/coandaintakes.com\/wp-content\/uploads\/2022\/02\/Coanda-Intake-Screen-2D-min.png\" alt=\"\" class=\"wp-image-1666\" srcset=\"https:\/\/coandaintakes.com\/wp-content\/uploads\/2022\/02\/Coanda-Intake-Screen-2D-min.png 640w, https:\/\/coandaintakes.com\/wp-content\/uploads\/2022\/02\/Coanda-Intake-Screen-2D-min-300x169.png 300w\" sizes=\"auto, (max-width: 640px) 100vw, 640px\" \/><\/figure>\n<\/div>\n\n\n\n<div class=\"wp-block-column is-vertically-aligned-center is-layout-flow wp-block-column-is-layout-flow\">\n<h2 class=\"wp-block-heading has-text-align-center has-vivid-cyan-blue-color has-text-color\">Arbeitsprinzip<\/h2>\n\n\n\n<p class=\"has-black-color has-text-color\" style=\"font-size:16px\">Die Schlitz\u00f6ffnung verj\u00fcngt sich, wenn das Fluid durch das Sieb str\u00f6mt. R\u00fcckst\u00e4nde und Fragmente, die wesentlich gr\u00f6\u00dfer sind als die Abmessungen der Schlitz\u00f6ffnungen, haben zwei Ber\u00fchrungspunkte in den Keildr\u00e4hten und k\u00f6nnen die \u00d6ffnung dazwischen nicht passieren. Die Kontaktpunkte in Kombination mit den sich nach innen \u00f6ffnenden Schlitzen erschweren das Einfangen von Partikeln.<\/p>\n<\/div>\n<\/div>\n\n\n\n<hr class=\"wp-block-separator has-css-opacity is-style-wide\"\/>\n\n\n\n<div class=\"wp-block-columns is-layout-flex wp-container-core-columns-is-layout-9d6595d7 wp-block-columns-is-layout-flex\">\n<div class=\"wp-block-column is-vertically-aligned-center is-layout-flow wp-block-column-is-layout-flow\">\n<h2 class=\"wp-block-heading has-text-align-center has-vivid-cyan-blue-color has-text-color\">Anwendung und Ergebnisse<\/h2>\n\n\n\n<p class=\"has-black-color has-text-color\" style=\"font-size:16px\">Unter Ber\u00fccksichtigung der Umgebungsfaktoren m\u00fcssen die Designparameter f\u00fcr diese Region entsprechend angepasst werden. Aus diesem Grund hat ADENCO die kompatibelsten Coanda-Effekt-Siebe f\u00fcr das Wasserkraftwerk entwickelt, indem verschiedene Faktoren wie Abmessungen, Keildrahtmaterial und Keildrahtabstand ber\u00fccksichtigt wurden.<\/p>\n<\/div>\n\n\n\n<div class=\"wp-block-column is-layout-flow wp-block-column-is-layout-flow\">\n<figure class=\"wp-block-image size-full\"><img loading=\"lazy\" decoding=\"async\" width=\"700\" height=\"350\" src=\"http:\/\/coandaintakes.com\/wp-content\/uploads\/2022\/04\/Rwanda-Hydropower-ADENCO.png\" alt=\"\" class=\"wp-image-2074\" srcset=\"https:\/\/coandaintakes.com\/wp-content\/uploads\/2022\/04\/Rwanda-Hydropower-ADENCO.png 700w, https:\/\/coandaintakes.com\/wp-content\/uploads\/2022\/04\/Rwanda-Hydropower-ADENCO-300x150.png 300w\" sizes=\"auto, (max-width: 700px) 100vw, 700px\" \/><\/figure>\n<\/div>\n<\/div>\n\n\n\n<div class=\"wp-block-columns is-layout-flex wp-container-core-columns-is-layout-9d6595d7 wp-block-columns-is-layout-flex\">\n<div class=\"wp-block-column is-layout-flow wp-block-column-is-layout-flow\">\n<figure class=\"wp-block-image size-full\"><img loading=\"lazy\" decoding=\"async\" width=\"700\" height=\"350\" src=\"http:\/\/coandaintakes.com\/wp-content\/uploads\/2022\/02\/Coanda-Effect-Screen-Agricultural.jpg\" alt=\"\" class=\"wp-image-1526\" srcset=\"https:\/\/coandaintakes.com\/wp-content\/uploads\/2022\/02\/Coanda-Effect-Screen-Agricultural.jpg 700w, https:\/\/coandaintakes.com\/wp-content\/uploads\/2022\/02\/Coanda-Effect-Screen-Agricultural-300x150.jpg 300w\" sizes=\"auto, (max-width: 700px) 100vw, 700px\" \/><\/figure>\n<\/div>\n\n\n\n<div class=\"wp-block-column is-vertically-aligned-center is-layout-flow wp-block-column-is-layout-flow\">\n<p class=\"has-black-color has-text-color\" style=\"font-size:16px\">Dar\u00fcber hinaus wurden die Coanda-Einlasssiebe bei ihrer Herstellung, aufgrund der Ansammlung gro\u00dfer Partikel im umgebenden Wasser mit einem Schutzstab hergestellt. Chemische Berichte des \u00f6rtlichen Wassers wurden untersucht, und es wurde festgestellt, dass sich Magnesiumpartikel im Wasser befanden.<\/p>\n<\/div>\n<\/div>\n\n\n\n<div class=\"wp-block-columns is-layout-flex wp-container-core-columns-is-layout-9d6595d7 wp-block-columns-is-layout-flex\">\n<div class=\"wp-block-column is-vertically-aligned-center is-layout-flow wp-block-column-is-layout-flow\">\n<p class=\"has-black-color has-text-color\" style=\"font-size:16px\">Daher wurde auf die Oberfl\u00e4che ein spezieller galvanischer Korrosionsschutz aufgebracht. ADENCO hat das Projekt in ca. 4-5 Wochen gefertigt und versendet. Bei der Montage half eine gro\u00dfe franz\u00f6sische Baufirma. Dieses Projektanlage funktioniert seit 3 Jahren perfekt und stellt nun eine konstante und sichere Stromerzeugung f\u00fcr die lokalen Gemeinden.<\/p>\n<\/div>\n\n\n\n<div class=\"wp-block-column is-layout-flow wp-block-column-is-layout-flow\">\n<figure class=\"wp-block-image size-full\"><img loading=\"lazy\" decoding=\"async\" width=\"700\" height=\"350\" src=\"http:\/\/coandaintakes.com\/wp-content\/uploads\/2022\/04\/Rwanda-Coanda-Screen-For-Hydropower.jpg\" alt=\"\" class=\"wp-image-2057\" srcset=\"https:\/\/coandaintakes.com\/wp-content\/uploads\/2022\/04\/Rwanda-Coanda-Screen-For-Hydropower.jpg 700w, https:\/\/coandaintakes.com\/wp-content\/uploads\/2022\/04\/Rwanda-Coanda-Screen-For-Hydropower-300x150.jpg 300w\" sizes=\"auto, (max-width: 700px) 100vw, 700px\" \/><\/figure>\n<\/div>\n<\/div>\n\n\n\n<hr class=\"wp-block-separator has-css-opacity is-style-wide\"\/>\n\n\n\n<h2 class=\"wp-block-heading has-text-align-center has-vivid-cyan-blue-color has-text-color\"><strong>Coanda Reche in den Medien<\/strong><\/h2>\n\n\n<div class=\"wp-block-image\">\n<figure class=\"aligncenter size-full\"><a href=\"https:\/\/mobile.twitter.com\/gendermonitorrw\/status\/1405425660374536194?lang=ar-x-fm\" target=\"_blank\" rel=\"noopener\"><img loading=\"lazy\" decoding=\"async\" width=\"591\" height=\"623\" src=\"https:\/\/coandaintakes.com\/wp-content\/uploads\/2022\/04\/image-1.png\" alt=\"\" class=\"wp-image-2071\" srcset=\"https:\/\/coandaintakes.com\/wp-content\/uploads\/2022\/04\/image-1.png 591w, https:\/\/coandaintakes.com\/wp-content\/uploads\/2022\/04\/image-1-285x300.png 285w\" sizes=\"auto, (max-width: 591px) 100vw, 591px\" \/><\/a><\/figure>\n<\/div>","protected":false},"excerpt":{"rendered":"<p>Introduction Rwanda is located in the eastern part of the central part of the African continent. The water in this region is polluted due to many effects such as mud, &#8230;<\/p>","protected":false},"author":1,"featured_media":2051,"parent":1921,"menu_order":2,"comment_status":"closed","ping_status":"closed","template":"template-fullwidth.php","meta":{"footnotes":""},"class_list":["post-2047","page","type-page","status-publish","has-post-thumbnail","hentry"],"_links":{"self":[{"href":"https:\/\/coandaintakes.com\/de\/wp-json\/wp\/v2\/pages\/2047","targetHints":{"allow":["GET"]}}],"collection":[{"href":"https:\/\/coandaintakes.com\/de\/wp-json\/wp\/v2\/pages"}],"about":[{"href":"https:\/\/coandaintakes.com\/de\/wp-json\/wp\/v2\/types\/page"}],"author":[{"embeddable":true,"href":"https:\/\/coandaintakes.com\/de\/wp-json\/wp\/v2\/users\/1"}],"replies":[{"embeddable":true,"href":"https:\/\/coandaintakes.com\/de\/wp-json\/wp\/v2\/comments?post=2047"}],"version-history":[{"count":16,"href":"https:\/\/coandaintakes.com\/de\/wp-json\/wp\/v2\/pages\/2047\/revisions"}],"predecessor-version":[{"id":2532,"href":"https:\/\/coandaintakes.com\/de\/wp-json\/wp\/v2\/pages\/2047\/revisions\/2532"}],"up":[{"embeddable":true,"href":"https:\/\/coandaintakes.com\/de\/wp-json\/wp\/v2\/pages\/1921"}],"wp:featuredmedia":[{"embeddable":true,"href":"https:\/\/coandaintakes.com\/de\/wp-json\/wp\/v2\/media\/2051"}],"wp:attachment":[{"href":"https:\/\/coandaintakes.com\/de\/wp-json\/wp\/v2\/media?parent=2047"}],"curies":[{"name":"wp","href":"https:\/\/api.w.org\/{rel}","templated":true}]}}